{"id":157,"date":"2013-01-07T10:36:00","date_gmt":"2013-01-07T09:36:00","guid":{"rendered":"http:\/\/kontext-wunderlich.de\/?page_id=157"},"modified":"2021-02-07T12:22:35","modified_gmt":"2021-02-07T11:22:35","slug":"wie-wir-arbeiten","status":"publish","type":"page","link":"http:\/\/kontext.dto-server.de\/?page_id=157","title":{"rendered":"Wie ich arbeite"},"content":{"rendered":"<p>\u00a0<\/p>\n<p><strong>Systemischer Ansatz<\/strong><\/p>\n<p>Wer in einer Organisation effektiv arbeiten will, wird darauf achten, Strukturen und Prozesse zu optimieren, um den Anforderungen der Kunden gerecht zu werden. H\u00e4ufig stellt man dabei fest, dass die Orientierung an Einzelproblemen und die Analyse von Ursache-Wirkungsketten allein nicht ausreichen, um Erfolge zu erzielen.<\/p>\n<p>Bei komplexen Aufgaben einer Organisation werden wirkungsvolle L\u00f6sungen eher erreicht, \u2022\u00a0wenn das Umfeld der Organisation mit betrachtet, \u2022\u00a0das Netzwerk der Beziehungen und Kommunikationsmuster analysiert und \u2022\u00a0die Auswirkungen des Handelns systemisch beleuchtet werden.\u00a0Dieser Zugang erm\u00f6glicht F\u00fchrungskr\u00e4ften und Mitarbeitenden erweiterte Sichtweisen und eine realistischere Einsch\u00e4tzung der Folgen von zuk\u00fcnftigen Entscheidungen und Handlungen.<\/p>\n<p>Als systemische Organisationsberaterin bringe ich meine konzeptionelle Kompetenz und mein Wissen ein, um im Gespr\u00e4ch mit Ihnen<\/p>\n<ul>\n<li style=\"list-style-type: none;\">\n<ul>\n<li>Ihre Anliegen und Aufgabenstellungen zu kl\u00e4ren, strukturiert zu reflektieren\u00a0<\/li>\n<li>und praktikable und tragf\u00e4hige L\u00f6sungen f\u00fcr\u00a0Ihre Anliegen zu entwickeln.<\/li>\n<\/ul>\n<\/li>\n<\/ul>\n<p>Mit ausgew\u00e4hlten Methoden, spezifischen Beratungs- und Fortbildungsmodulen und durch Prozessbegleitung unterst\u00fctze ich Sie bei der Umsetzung Ihrer Vorhaben.<\/p>\n<p>Gerne biete ich Ihnen ein erstes Gespr\u00e4ch \u00fcber Ihren Bedarf zur Vereinbarung von Beratungszielen und Themen an. Auf der Grundlage dieses Planungsgespr\u00e4chs unterbreite ich Ihnen mein Angebot.<\/p>\n<p>Die Anzahl der Beratungstermine und \/ oder der Fortbildungsmodule sch\u00e4tze ich mit Ihnen gemeinsam ein. Meine Arbeitsweise ist f\u00fcr Sie stets transparent.<\/p>\n<p>\u00a0<\/p>\n\n\n<p><\/p>\n","protected":false},"excerpt":{"rendered":"<p>\u00a0 Systemischer Ansatz Wer in einer Organisation effektiv arbeiten will, wird darauf achten, Strukturen und Prozesse zu optimieren, um den Anforderungen der Kunden gerecht zu werden. H\u00e4ufig stellt man dabei fest, dass die Orientierung an Einzelproblemen und die Analyse von Ursache-Wirkungsketten allein nicht ausreichen, um Erfolge zu erzielen. Bei komplexen Aufgaben einer Organisation werden wirkungsvolle &hellip; <\/p>\n<p class=\"link-more\"><a href=\"http:\/\/kontext.dto-server.de\/?page_id=157\" class=\"more-link\"><span class=\"screen-reader-text\">\u201eWie ich arbeite\u201c<\/span> weiterlesen<\/a><\/p>\n","protected":false},"author":1,"featured_media":0,"parent":0,"menu_order":3,"comment_status":"closed","ping_status":"closed","template":"","meta":{"footnotes":""},"_links":{"self":[{"href":"http:\/\/kontext.dto-server.de\/index.php?rest_route=\/wp\/v2\/pages\/157"}],"collection":[{"href":"http:\/\/kontext.dto-server.de\/index.php?rest_route=\/wp\/v2\/pages"}],"about":[{"href":"http:\/\/kontext.dto-server.de\/index.php?rest_route=\/wp\/v2\/types\/page"}],"author":[{"embeddable":true,"href":"http:\/\/kontext.dto-server.de\/index.php?rest_route=\/wp\/v2\/users\/1"}],"replies":[{"embeddable":true,"href":"http:\/\/kontext.dto-server.de\/index.php?rest_route=%2Fwp%2Fv2%2Fcomments&post=157"}],"version-history":[{"count":20,"href":"http:\/\/kontext.dto-server.de\/index.php?rest_route=\/wp\/v2\/pages\/157\/revisions"}],"predecessor-version":[{"id":448,"href":"http:\/\/kontext.dto-server.de\/index.php?rest_route=\/wp\/v2\/pages\/157\/revisions\/448"}],"wp:attachment":[{"href":"http:\/\/kontext.dto-server.de\/index.php?rest_route=%2Fwp%2Fv2%2Fmedia&parent=157"}],"curies":[{"name":"wp","href":"https:\/\/api.w.org\/{rel}","templated":true}]}}