{"id":165,"date":"2013-01-07T10:39:53","date_gmt":"2013-01-07T09:39:53","guid":{"rendered":"http:\/\/kontext-wunderlich.de\/?page_id=165"},"modified":"2021-02-07T12:33:37","modified_gmt":"2021-02-07T11:33:37","slug":"unsere-beratungsformate","status":"publish","type":"page","link":"http:\/\/kontext.dto-server.de\/?page_id=165","title":{"rendered":"Beratungsformate"},"content":{"rendered":"<p>Mit den folgenden Beratungsformaten biete ich Ihnen die Begleitung von Ver\u00e4nderungs- und Entwicklungsprozessen im beruflichen Kontext an.\u00a0Sie richten sich an Einzelpersonen, Gruppen, Teams und Organisationen.\u00a0<\/p>\n<ul>\n<li style=\"list-style-type: none;\">\n<ul>\n<li>Organisationsberatung<\/li>\n<li>Coaching\u00a0<\/li>\n<li>Supervision\u00a0<\/li>\n<\/ul>\n<\/li>\n<\/ul>\n<h5><span style=\"font-size: 1rem; font-weight: 800;\">Organisationsberatung<\/span><\/h5>\n<p>Den Prinzipien der Organisationsentwicklung entsprechend, erarbeite ich mit Ihnen gemeinsam Strategien, die auf die gew\u00fcnschten Ver\u00e4nderungs- und Entwicklungsanliegen abzielen. \u00a0Diese k\u00f6nnen sich zum Beispiel auf die Verbesserung von Strukturen und Abl\u00e4ufen oder auf die Kultur des Miteinanders beziehen.<\/p>\n<p>Um Erfolge zu erreichen und um die\u00a0Qualit\u00e4t der Arbeit dauerhaft zu sichern, behalten wir die Leistungsf\u00e4higkeit, Leistungsbereitschaft und Arbeitszufriedenheit aller Mitarbeiterinnen und Mitarbeiter im Blick.<\/p>\n<p><span style=\"font-size: inherit;\">Ich berate Sie dabei, den\u00a0<\/span><em style=\"font-size: inherit;\">Ist-Zustand und den\u00a0<\/em><em style=\"font-size: inherit;\">Ziel-Zustand <\/em>zu\u00a0pr\u00e4zisieren und\u00a0<i style=\"font-size: inherit;\">gangbare Wege <\/i>zur Umsetzung zu planen.\u00a0<span style=\"font-size: inherit;\">Dazu biete ich geeignete Methoden und integrierte Beratungs- und Fortbildungsmodule an und ggfs. Prozessbegleitung an.\u00a0<\/span><\/p>\n<h5><strong>Coaching f\u00fcr einzelne Personen, Gruppen und Teams<\/strong><\/h5>\n<p>Wenn Sie sich als Mitarbeiterin, Mitarbeiter oder F\u00fchrungskraft pers\u00f6nlich und beruflich weiterentwickeln wollen, wenn Sie den Wunsch haben, Ihre Berufsrolle zu kl\u00e4ren, wenn Sie die M\u00f6glichkeiten und Grenzen Ihres Handlungsspielraumes innerhalb Ihrer Funktion ausloten und Ihre Ziele kl\u00e4ren m\u00f6chten oder\/und eine professionelle Begleitung Ihres Arbeitsalltags w\u00fcnschen, ist Coaching das geeignete Beratungsformat und Qualifizierungsm\u00f6glichkeit f\u00fcr Sie.<\/p>\n<p>Ich orientiere mich an Ihrem individuellen Bedarf, den Anforderungen Ihres T\u00e4tigkeitsfeldes und an den Erfordernissen der Organisation. In einem individuellen Kontrakt vereinbare ich mit Ihnen die Ziele, die Inhalte, die Arbeitsweise und die Form des Coachings sowie die Anzahl der Coaching-Einheiten.<\/p>\n<h5><strong>Supervision f\u00fcr einzelne Personen, Gruppen und Teams<\/strong><\/h5>\n<p>Wenn Sie Unterst\u00fctzung bei der Bew\u00e4ltigung Ihrer t\u00e4glichen Arbeit w\u00fcnschen, Ihre eigenen Strategien reflektieren und verbessern, \u00a0Ihre pers\u00f6nliche Ressourcen und ihr Kompetenzprofil erweitern m\u00f6chten, \u00a0ist Supervision das geeignete Format f\u00fcr Sie.\u00a0<\/p>\n<p>Supervision f\u00f6rdert die Kooperation, Kommunikation, Konflikt- und Probleml\u00f6sungsf\u00e4higkeit von Teams und Gruppen. Zur F\u00f6rderung der\u00a0arbeitsteiligen Zusammenarbeit berate ich Sie bei der Optimierung von Arbeitsabl\u00e4ufen und der Arbeitsorganisation. Ich biete Supervision in unterschiedlichen Formen an:<\/p>\n<ul>\n<li style=\"list-style-type: none;\">\n<ul>\n<li>Einzelsupervision<\/li>\n<li>Fallsupervision f\u00fcr einzelne Personen, Teams und Gruppen<\/li>\n<li>Teamsupervision f\u00fcr feste Teams<\/li>\n<li>Gruppensupervision f\u00fcr Gruppen \/ Projektgruppen innerhalb von Organisationen und organisations\u00fcbergreifend<\/li>\n<\/ul>\n<\/li>\n<\/ul>\n\n\n<p><\/p>\n","protected":false},"excerpt":{"rendered":"<p>Mit den folgenden Beratungsformaten biete ich Ihnen die Begleitung von Ver\u00e4nderungs- und Entwicklungsprozessen im beruflichen Kontext an.\u00a0Sie richten sich an Einzelpersonen, Gruppen, Teams und Organisationen.\u00a0 Organisationsberatung Coaching\u00a0 Supervision\u00a0 Organisationsberatung Den Prinzipien der Organisationsentwicklung entsprechend, erarbeite ich mit Ihnen gemeinsam Strategien, die auf die gew\u00fcnschten Ver\u00e4nderungs- und Entwicklungsanliegen abzielen. \u00a0Diese k\u00f6nnen sich zum Beispiel auf die &hellip; <\/p>\n<p class=\"link-more\"><a href=\"http:\/\/kontext.dto-server.de\/?page_id=165\" class=\"more-link\"><span class=\"screen-reader-text\">\u201eBeratungsformate\u201c<\/span> weiterlesen<\/a><\/p>\n","protected":false},"author":1,"featured_media":0,"parent":0,"menu_order":4,"comment_status":"closed","ping_status":"closed","template":"","meta":{"footnotes":""},"_links":{"self":[{"href":"http:\/\/kontext.dto-server.de\/index.php?rest_route=\/wp\/v2\/pages\/165"}],"collection":[{"href":"http:\/\/kontext.dto-server.de\/index.php?rest_route=\/wp\/v2\/pages"}],"about":[{"href":"http:\/\/kontext.dto-server.de\/index.php?rest_route=\/wp\/v2\/types\/page"}],"author":[{"embeddable":true,"href":"http:\/\/kontext.dto-server.de\/index.php?rest_route=\/wp\/v2\/users\/1"}],"replies":[{"embeddable":true,"href":"http:\/\/kontext.dto-server.de\/index.php?rest_route=%2Fwp%2Fv2%2Fcomments&post=165"}],"version-history":[{"count":32,"href":"http:\/\/kontext.dto-server.de\/index.php?rest_route=\/wp\/v2\/pages\/165\/revisions"}],"predecessor-version":[{"id":470,"href":"http:\/\/kontext.dto-server.de\/index.php?rest_route=\/wp\/v2\/pages\/165\/revisions\/470"}],"wp:attachment":[{"href":"http:\/\/kontext.dto-server.de\/index.php?rest_route=%2Fwp%2Fv2%2Fmedia&parent=165"}],"curies":[{"name":"wp","href":"https:\/\/api.w.org\/{rel}","templated":true}]}}