{"id":181,"date":"2013-01-07T11:17:23","date_gmt":"2013-01-07T10:17:23","guid":{"rendered":"http:\/\/kontext-wunderlich.de\/?page_id=181"},"modified":"2021-02-07T12:24:49","modified_gmt":"2021-02-07T11:24:49","slug":"weiterbildung","status":"publish","type":"page","link":"http:\/\/kontext.dto-server.de\/?page_id=181","title":{"rendered":"Fortbildung"},"content":{"rendered":"<h4>\u00a0<\/h4>\n<p>Ich biete im Kontext von betrieblicher Weiterbildung bedarfsorientierte, passgenaue und systematische Weiterentwicklungsprogramme\u00a0sowie die Planung von integrierten Fortbildungs- und Beratungsmodulen an. \u00a0<\/p>\n<p>Ich f\u00fchre Fortbildungen zu fachbezogenen und allgemeinen Themen durch.<\/p>\n<h5><strong>Beispiele f\u00fcr allgemeine Themen<\/strong><\/h5>\n<ul>\n<li style=\"list-style-type: none;\">\n<ul>\n<li>F\u00fchrung und Organisation<\/li>\n<li>Selbstmanagement \/ Arbeitsorganisation<\/li>\n<li>Leben und Arbeiten in Balance\u00a0<\/li>\n<li>Kommunikation und Kooperation<\/li>\n<li>Konfliktbew\u00e4ltigung<\/li>\n<li>Kollegiale Beratung \/ Intervision<\/li>\n<li>Systemische Beratung<\/li>\n<li>\u00c4lterwerden im Beruf\u00a0<\/li>\n<\/ul>\n<\/li>\n<\/ul>\n<p>\u00a0Bitte erfragen Sie gern weitere Themen.<\/p>\n\n\n<p><\/p>\n","protected":false},"excerpt":{"rendered":"<p>\u00a0 Ich biete im Kontext von betrieblicher Weiterbildung bedarfsorientierte, passgenaue und systematische Weiterentwicklungsprogramme\u00a0sowie die Planung von integrierten Fortbildungs- und Beratungsmodulen an. \u00a0 Ich f\u00fchre Fortbildungen zu fachbezogenen und allgemeinen Themen durch. Beispiele f\u00fcr allgemeine Themen F\u00fchrung und Organisation Selbstmanagement \/ Arbeitsorganisation Leben und Arbeiten in Balance\u00a0 Kommunikation und Kooperation Konfliktbew\u00e4ltigung Kollegiale Beratung \/ Intervision Systemische &hellip; <\/p>\n<p class=\"link-more\"><a href=\"http:\/\/kontext.dto-server.de\/?page_id=181\" class=\"more-link\"><span class=\"screen-reader-text\">\u201eFortbildung\u201c<\/span> weiterlesen<\/a><\/p>\n","protected":false},"author":1,"featured_media":0,"parent":0,"menu_order":5,"comment_status":"closed","ping_status":"closed","template":"","meta":{"footnotes":""},"_links":{"self":[{"href":"http:\/\/kontext.dto-server.de\/index.php?rest_route=\/wp\/v2\/pages\/181"}],"collection":[{"href":"http:\/\/kontext.dto-server.de\/index.php?rest_route=\/wp\/v2\/pages"}],"about":[{"href":"http:\/\/kontext.dto-server.de\/index.php?rest_route=\/wp\/v2\/types\/page"}],"author":[{"embeddable":true,"href":"http:\/\/kontext.dto-server.de\/index.php?rest_route=\/wp\/v2\/users\/1"}],"replies":[{"embeddable":true,"href":"http:\/\/kontext.dto-server.de\/index.php?rest_route=%2Fwp%2Fv2%2Fcomments&post=181"}],"version-history":[{"count":11,"href":"http:\/\/kontext.dto-server.de\/index.php?rest_route=\/wp\/v2\/pages\/181\/revisions"}],"predecessor-version":[{"id":466,"href":"http:\/\/kontext.dto-server.de\/index.php?rest_route=\/wp\/v2\/pages\/181\/revisions\/466"}],"wp:attachment":[{"href":"http:\/\/kontext.dto-server.de\/index.php?rest_route=%2Fwp%2Fv2%2Fmedia&parent=181"}],"curies":[{"name":"wp","href":"https:\/\/api.w.org\/{rel}","templated":true}]}}