{"id":9,"date":"2012-02-21T14:38:56","date_gmt":"2012-02-21T14:38:56","guid":{"rendered":"http:\/\/kontext-wunderlich.de\/?page_id=9"},"modified":"2021-02-15T13:14:47","modified_gmt":"2021-02-15T12:14:47","slug":"wer-wir-sind","status":"publish","type":"page","link":"http:\/\/kontext.dto-server.de\/","title":{"rendered":"Margrit Wunderlich"},"content":{"rendered":"<h4>\u00a0<\/h4>\n<p>Ich bin Diplom-Psychologin, Diplom-Sozialp\u00e4dagogin und Supervisorin (BDP).<\/p>\n<p><strong>Erfahrungen<\/strong><\/p>\n<ul>\n<li style=\"list-style-type: none;\">\n<ul>\n<li>Organisationsberaterin, Seminarleiterin, Trainerin, Coach, Supervisorin seit \u00fcber 25 Jahren in Non-Profit-Organisationen und Verwaltung<\/li>\n<li>Inhaberin und Gesch\u00e4ftsf\u00fchrende Gesellschafterin der KONTEXT Fortbildung und Praxisberatung Wunderlich oHG , Hamburg (1986 &#8211; 1996)<\/li>\n<li>Inhaberin und Gesch\u00e4ftsf\u00fchrende Gesellschafterin KONTEXT Systemische Organisationsberatung GmbH, Hamburg (1996 &#8211; 2020)<\/li>\n<li>Seit 2020: Margrit Wunderlich, KONTEXT Systemische Organisationsberatung, Kassel\u00a0<\/li>\n<\/ul>\n<\/li>\n<\/ul>\n<p>Ich berate und begleite F\u00fchrungskr\u00e4fte und Mitarbeitende zur Organisationsentwicklung und biete allgemeine und fachbezogene Fortbildungen an.<\/p>\n\n\n<p><\/p>\n","protected":false},"excerpt":{"rendered":"<p>\u00a0 Ich bin Diplom-Psychologin, Diplom-Sozialp\u00e4dagogin und Supervisorin (BDP). Erfahrungen Organisationsberaterin, Seminarleiterin, Trainerin, Coach, Supervisorin seit \u00fcber 25 Jahren in Non-Profit-Organisationen und Verwaltung Inhaberin und Gesch\u00e4ftsf\u00fchrende Gesellschafterin der KONTEXT Fortbildung und Praxisberatung Wunderlich oHG , Hamburg (1986 &#8211; 1996) Inhaberin und Gesch\u00e4ftsf\u00fchrende Gesellschafterin KONTEXT Systemische Organisationsberatung GmbH, Hamburg (1996 &#8211; 2020) Seit 2020: Margrit Wunderlich, KONTEXT &hellip; <\/p>\n<p class=\"link-more\"><a href=\"http:\/\/kontext.dto-server.de\/\" class=\"more-link\"><span class=\"screen-reader-text\">\u201eMargrit Wunderlich\u201c<\/span> weiterlesen<\/a><\/p>\n","protected":false},"author":1,"featured_media":0,"parent":0,"menu_order":0,"comment_status":"closed","ping_status":"closed","template":"","meta":{"footnotes":""},"_links":{"self":[{"href":"http:\/\/kontext.dto-server.de\/index.php?rest_route=\/wp\/v2\/pages\/9"}],"collection":[{"href":"http:\/\/kontext.dto-server.de\/index.php?rest_route=\/wp\/v2\/pages"}],"about":[{"href":"http:\/\/kontext.dto-server.de\/index.php?rest_route=\/wp\/v2\/types\/page"}],"author":[{"embeddable":true,"href":"http:\/\/kontext.dto-server.de\/index.php?rest_route=\/wp\/v2\/users\/1"}],"replies":[{"embeddable":true,"href":"http:\/\/kontext.dto-server.de\/index.php?rest_route=%2Fwp%2Fv2%2Fcomments&post=9"}],"version-history":[{"count":20,"href":"http:\/\/kontext.dto-server.de\/index.php?rest_route=\/wp\/v2\/pages\/9\/revisions"}],"predecessor-version":[{"id":472,"href":"http:\/\/kontext.dto-server.de\/index.php?rest_route=\/wp\/v2\/pages\/9\/revisions\/472"}],"wp:attachment":[{"href":"http:\/\/kontext.dto-server.de\/index.php?rest_route=%2Fwp%2Fv2%2Fmedia&parent=9"}],"curies":[{"name":"wp","href":"https:\/\/api.w.org\/{rel}","templated":true}]}}